{"id":4954,"date":"2021-10-24T23:09:38","date_gmt":"2021-10-24T23:09:38","guid":{"rendered":"http:\/\/sebnemkeceli.com\/?page_id=4954"},"modified":"2026-04-13T10:39:54","modified_gmt":"2026-04-13T10:39:54","slug":"projeler","status":"publish","type":"page","link":"http:\/\/sebnemkeceli.com\/en\/projeler\/","title":{"rendered":"PROJECTS"},"content":{"rendered":"<div data-elementor-type=\"wp-page\" data-elementor-id=\"4954\" class=\"elementor elementor-4954\" data-elementor-settings=\"[]\">\n\t\t\t\t\t\t\t<div class=\"elementor-section-wrap\">\n\t\t\t\t\t\t\t<section class=\"elementor-section elementor-top-section elementor-element elementor-element-96baecb elementor-section-boxed elementor-section-height-default elementor-section-height-default\" data-id=\"96baecb\" data-element_type=\"section\">\n\t\t\t\t\t\t<div class=\"elementor-container elementor-column-gap-default\">\n\t\t\t\t\t<div class=\"elementor-column elementor-col-33 elementor-top-column elementor-element elementor-element-37c54e5\" data-id=\"37c54e5\" data-element_type=\"column\">\n\t\t\t<div class=\"elementor-widget-wrap elementor-element-populated\">\n\t\t\t\t\t\t\t\t<div class=\"elementor-element elementor-element-0e12a95 elementor-widget elementor-widget-heading\" data-id=\"0e12a95\" data-element_type=\"widget\" data-settings=\"{&quot;aos_animation_name&quot;:&quot;none&quot;}\" data-widget_type=\"heading.default\">\n\t\t\t\t<div class=\"elementor-widget-container\">\n\t\t\t<h1 class=\"elementor-heading-title elementor-size-xl\">Par\u00e7al\u0131 Kad\u0131n \u0131\u0131 (\u0131D 2)<\/h1>\t\t<\/div>\n\t\t\t\t<\/div>\n\t\t\t\t<div class=\"elementor-element elementor-element-e5008fb elementor-widget elementor-widget-text-editor\" data-id=\"e5008fb\" data-element_type=\"widget\" data-settings=\"{&quot;aos_animation_name&quot;:&quot;none&quot;}\" data-widget_type=\"text-editor.default\">\n\t\t\t\t<div class=\"elementor-widget-container\">\n\t\t\t\t\t\t\t<p>2019<br \/>184\/45\/45 cm<br \/>Aluminum<br \/>Private Collection<\/p>\t\t\t\t\t\t<\/div>\n\t\t\t\t<\/div>\n\t\t\t\t\t<\/div>\n\t\t<\/div>\n\t\t\t\t<div class=\"elementor-column elementor-col-66 elementor-top-column elementor-element elementor-element-651343e\" data-id=\"651343e\" data-element_type=\"column\">\n\t\t\t<div class=\"elementor-widget-wrap elementor-element-populated\">\n\t\t\t\t\t\t\t\t<div class=\"elementor-element elementor-element-e23567c elementor-widget elementor-widget-image\" data-id=\"e23567c\" data-element_type=\"widget\" data-settings=\"{&quot;aos_animation_name&quot;:&quot;none&quot;}\" data-widget_type=\"image.default\">\n\t\t\t\t<div class=\"elementor-widget-container\">\n\t\t\t\t\t\t\t\t\t\t\t\t\t\t\t\t<a href=\"http:\/\/sebnemkeceli.com\/wp-content\/uploads\/2021\/10\/Parcali-Kadin-2-Uzun.png\" data-elementor-open-lightbox=\"yes\" data-elementor-lightbox-title=\"Par\u00e7al\u0131 Kad\u0131n 2 Uzun\">\n\t\t\t\t\t\t\t<img src=\"http:\/\/sebnemkeceli.com\/wp-content\/uploads\/elementor\/thumbs\/Parcali-Kadin-2-Uzun-pf76lyh8p0v3pin73r1avf45npfxjguuhciay3m340.png\" title=\"Par\u00e7al\u0131 Kad\u0131n 2 Uzun\" alt=\"Par\u00e7al\u0131 Kad\u0131n 2 Uzun\" \/>\t\t\t\t\t\t\t\t<\/a>\n\t\t\t\t\t\t\t\t\t\t\t\t\t\t\t<\/div>\n\t\t\t\t<\/div>\n\t\t\t\t\t<\/div>\n\t\t<\/div>\n\t\t\t\t\t\t\t<\/div>\n\t\t<\/section>\n\t\t\t\t<section class=\"elementor-section elementor-top-section elementor-element elementor-element-4b0803c elementor-section-boxed elementor-section-height-default elementor-section-height-default\" data-id=\"4b0803c\" data-element_type=\"section\">\n\t\t\t\t\t\t<div class=\"elementor-container elementor-column-gap-default\">\n\t\t\t\t\t<div class=\"elementor-column elementor-col-33 elementor-top-column elementor-element elementor-element-506b131\" data-id=\"506b131\" data-element_type=\"column\">\n\t\t\t<div class=\"elementor-widget-wrap elementor-element-populated\">\n\t\t\t\t\t\t\t\t<div class=\"elementor-element elementor-element-dca5c58 elementor-widget elementor-widget-heading\" data-id=\"dca5c58\" data-element_type=\"widget\" data-settings=\"{&quot;aos_animation_name&quot;:&quot;none&quot;}\" data-widget_type=\"heading.default\">\n\t\t\t\t<div class=\"elementor-widget-container\">\n\t\t\t<h1 class=\"elementor-heading-title elementor-size-xl\">GENOME<\/h1>\t\t<\/div>\n\t\t\t\t<\/div>\n\t\t\t\t<div class=\"elementor-element elementor-element-99fd2e2 elementor-widget elementor-widget-text-editor\" data-id=\"99fd2e2\" data-element_type=\"widget\" data-settings=\"{&quot;aos_animation_name&quot;:&quot;none&quot;}\" data-widget_type=\"text-editor.default\">\n\t\t\t\t<div class=\"elementor-widget-container\">\n\t\t\t\t\t\t\t<p>2017<br \/>5 mt<br \/>Polyester<br \/>Seba Office Boulevard<\/p>\t\t\t\t\t\t<\/div>\n\t\t\t\t<\/div>\n\t\t\t\t\t<\/div>\n\t\t<\/div>\n\t\t\t\t<div class=\"elementor-column elementor-col-66 elementor-top-column elementor-element elementor-element-82ace6b\" data-id=\"82ace6b\" data-element_type=\"column\">\n\t\t\t<div class=\"elementor-widget-wrap elementor-element-populated\">\n\t\t\t\t\t\t\t\t<div class=\"elementor-element elementor-element-0a821d3 elementor-arrows-position-inside elementor-pagination-position-outside elementor-widget elementor-widget-image-carousel\" data-id=\"0a821d3\" data-element_type=\"widget\" data-settings=\"{&quot;slides_to_show&quot;:&quot;1&quot;,&quot;navigation&quot;:&quot;both&quot;,&quot;autoplay&quot;:&quot;yes&quot;,&quot;pause_on_hover&quot;:&quot;yes&quot;,&quot;pause_on_interaction&quot;:&quot;yes&quot;,&quot;autoplay_speed&quot;:5000,&quot;infinite&quot;:&quot;yes&quot;,&quot;effect&quot;:&quot;slide&quot;,&quot;speed&quot;:500,&quot;aos_animation_name&quot;:&quot;none&quot;}\" data-widget_type=\"image-carousel.default\">\n\t\t\t\t<div class=\"elementor-widget-container\">\n\t\t\t\t\t<div class=\"elementor-image-carousel-wrapper swiper-container\" dir=\"ltr\">\n\t\t\t<div class=\"elementor-image-carousel swiper-wrapper\">\n\t\t\t\t\t\t\t\t<div class=\"swiper-slide\"><figure class=\"swiper-slide-inner\"><img class=\"swiper-slide-image\" src=\"http:\/\/sebnemkeceli.com\/wp-content\/uploads\/elementor\/thumbs\/Seba-Boulevard-3-pfuvytf7qjekievqv0ezb48w968i10jfjhg3bxhlj4.jpg\" alt=\"Seba Boulevard 3\" \/><\/figure><\/div><div class=\"swiper-slide\"><figure class=\"swiper-slide-inner\"><img class=\"swiper-slide-image\" src=\"http:\/\/sebnemkeceli.com\/wp-content\/uploads\/elementor\/thumbs\/Seba-Boulevard-4-pfuvyvaw47h55mt0k188g3rtfxz8geqw7qr2ahet6o.jpg\" alt=\"Seba Boulevard 4\" \/><\/figure><\/div>\t\t\t<\/div>\n\t\t\t\t\t\t\t\t\t\t\t\t<div class=\"swiper-pagination\"><\/div>\n\t\t\t\t\t\t\t\t\t\t\t\t\t<div class=\"elementor-swiper-button elementor-swiper-button-prev\">\n\t\t\t\t\t\t<i class=\"eicon-chevron-left\" aria-hidden=\"true\"><\/i>\n\t\t\t\t\t\t<span class=\"elementor-screen-only\">Previous<\/span>\n\t\t\t\t\t<\/div>\n\t\t\t\t\t<div class=\"elementor-swiper-button elementor-swiper-button-next\">\n\t\t\t\t\t\t<i class=\"eicon-chevron-right\" aria-hidden=\"true\"><\/i>\n\t\t\t\t\t\t<span class=\"elementor-screen-only\">Next<\/span>\n\t\t\t\t\t<\/div>\n\t\t\t\t\t\t\t\t\t<\/div>\n\t\t\t\t<\/div>\n\t\t\t\t<\/div>\n\t\t\t\t\t<\/div>\n\t\t<\/div>\n\t\t\t\t\t\t\t<\/div>\n\t\t<\/section>\n\t\t\t\t<section class=\"elementor-section elementor-top-section elementor-element elementor-element-7542042 elementor-section-boxed elementor-section-height-default elementor-section-height-default\" data-id=\"7542042\" data-element_type=\"section\">\n\t\t\t\t\t\t<div class=\"elementor-container elementor-column-gap-default\">\n\t\t\t\t\t<div class=\"elementor-column elementor-col-33 elementor-top-column elementor-element elementor-element-d3730e6\" data-id=\"d3730e6\" data-element_type=\"column\">\n\t\t\t<div class=\"elementor-widget-wrap elementor-element-populated\">\n\t\t\t\t\t\t\t\t<div class=\"elementor-element elementor-element-65027f8 elementor-widget elementor-widget-heading\" data-id=\"65027f8\" data-element_type=\"widget\" data-settings=\"{&quot;aos_animation_name&quot;:&quot;none&quot;}\" data-widget_type=\"heading.default\">\n\t\t\t\t<div class=\"elementor-widget-container\">\n\t\t\t<h1 class=\"elementor-heading-title elementor-size-xl\">\u00d6zdemir Altan & \u015eebnem Ke\u00e7eli<\/h1>\t\t<\/div>\n\t\t\t\t<\/div>\n\t\t\t\t<div class=\"elementor-element elementor-element-7ecb4d9 elementor-widget elementor-widget-text-editor\" data-id=\"7ecb4d9\" data-element_type=\"widget\" data-settings=\"{&quot;aos_animation_name&quot;:&quot;none&quot;}\" data-widget_type=\"text-editor.default\">\n\t\t\t\t<div class=\"elementor-widget-container\">\n\t\t\t\t\t\t\t<p>2014<br \/>91-45-41 cm<br \/>Acrilic Paint on Polyester<br \/>Co-production<\/p>\t\t\t\t\t\t<\/div>\n\t\t\t\t<\/div>\n\t\t\t\t\t<\/div>\n\t\t<\/div>\n\t\t\t\t<div class=\"elementor-column elementor-col-66 elementor-top-column elementor-element elementor-element-6a74ece\" data-id=\"6a74ece\" data-element_type=\"column\">\n\t\t\t<div class=\"elementor-widget-wrap elementor-element-populated\">\n\t\t\t\t\t\t\t\t<div class=\"elementor-element elementor-element-0816421 elementor-arrows-position-inside elementor-pagination-position-outside elementor-widget elementor-widget-image-carousel\" data-id=\"0816421\" data-element_type=\"widget\" data-settings=\"{&quot;slides_to_show&quot;:&quot;1&quot;,&quot;navigation&quot;:&quot;both&quot;,&quot;autoplay&quot;:&quot;yes&quot;,&quot;pause_on_hover&quot;:&quot;yes&quot;,&quot;pause_on_interaction&quot;:&quot;yes&quot;,&quot;autoplay_speed&quot;:5000,&quot;infinite&quot;:&quot;yes&quot;,&quot;effect&quot;:&quot;slide&quot;,&quot;speed&quot;:500,&quot;aos_animation_name&quot;:&quot;none&quot;}\" data-widget_type=\"image-carousel.default\">\n\t\t\t\t<div class=\"elementor-widget-container\">\n\t\t\t\t\t<div class=\"elementor-image-carousel-wrapper swiper-container\" dir=\"ltr\">\n\t\t\t<div class=\"elementor-image-carousel swiper-wrapper\">\n\t\t\t\t\t\t\t\t<div class=\"swiper-slide\"><figure class=\"swiper-slide-inner\"><img class=\"swiper-slide-image\" src=\"http:\/\/sebnemkeceli.com\/wp-content\/uploads\/elementor\/thumbs\/WhatsApp-Image-2021-11-09-at-13.01.28-1-pfu0yk73lfc0x8b10i4q8suk084d112vej1qackmrk.jpeg\" alt=\"WhatsApp Image 2021-11-09 at 13.01.28 (1)\" \/><\/figure><\/div><div class=\"swiper-slide\"><figure class=\"swiper-slide-inner\"><img class=\"swiper-slide-image\" src=\"http:\/\/sebnemkeceli.com\/wp-content\/uploads\/elementor\/thumbs\/WhatsApp-Image-2021-11-09-at-13.01.28-pfu0yl4xs9db8u9nv0jctam0llzq8q6lqnp7rmj8lc.jpeg\" alt=\"WhatsApp Image 2021-11-09 at 13.01.28\" \/><\/figure><\/div><div class=\"swiper-slide\"><figure class=\"swiper-slide-inner\"><img class=\"swiper-slide-image\" src=\"http:\/\/sebnemkeceli.com\/wp-content\/uploads\/elementor\/thumbs\/3-pg0l2olisbczbhek9q7tatpcl83mcrz4q87igtcuv4.png\" alt=\"3\" \/><\/figure><\/div><div class=\"swiper-slide\"><figure class=\"swiper-slide-inner\"><img class=\"swiper-slide-image\" src=\"http:\/\/sebnemkeceli.com\/wp-content\/uploads\/elementor\/thumbs\/1-pg0l3iocv0i5n06ve37vim43ljzd73ajid31to49c0.png\" alt=\"1\" \/><\/figure><\/div><div class=\"swiper-slide\"><figure class=\"swiper-slide-inner\"><img class=\"swiper-slide-image\" src=\"http:\/\/sebnemkeceli.com\/wp-content\/uploads\/elementor\/thumbs\/unnamed-1-scaled-pg0l5x5ibrsjb4p9d4ljw0ai9054v8tui93pz4k1fk.jpg\" alt=\"unnamed-(1)\" \/><\/figure><\/div>\t\t\t<\/div>\n\t\t\t\t\t\t\t\t\t\t\t\t<div class=\"swiper-pagination\"><\/div>\n\t\t\t\t\t\t\t\t\t\t\t\t\t<div class=\"elementor-swiper-button elementor-swiper-button-prev\">\n\t\t\t\t\t\t<i class=\"eicon-chevron-left\" aria-hidden=\"true\"><\/i>\n\t\t\t\t\t\t<span class=\"elementor-screen-only\">Previous<\/span>\n\t\t\t\t\t<\/div>\n\t\t\t\t\t<div class=\"elementor-swiper-button elementor-swiper-button-next\">\n\t\t\t\t\t\t<i class=\"eicon-chevron-right\" aria-hidden=\"true\"><\/i>\n\t\t\t\t\t\t<span class=\"elementor-screen-only\">Next<\/span>\n\t\t\t\t\t<\/div>\n\t\t\t\t\t\t\t\t\t<\/div>\n\t\t\t\t<\/div>\n\t\t\t\t<\/div>\n\t\t\t\t\t<\/div>\n\t\t<\/div>\n\t\t\t\t\t\t\t<\/div>\n\t\t<\/section>\n\t\t\t\t<section class=\"elementor-section elementor-top-section elementor-element elementor-element-15bd0f7 elementor-section-boxed elementor-section-height-default elementor-section-height-default\" data-id=\"15bd0f7\" data-element_type=\"section\">\n\t\t\t\t\t\t<div class=\"elementor-container elementor-column-gap-default\">\n\t\t\t\t\t<div class=\"elementor-column elementor-col-33 elementor-top-column elementor-element elementor-element-5263267\" data-id=\"5263267\" data-element_type=\"column\">\n\t\t\t<div class=\"elementor-widget-wrap elementor-element-populated\">\n\t\t\t\t\t\t\t\t<div class=\"elementor-element elementor-element-7fd2d27 elementor-widget elementor-widget-heading\" data-id=\"7fd2d27\" data-element_type=\"widget\" data-settings=\"{&quot;aos_animation_name&quot;:&quot;none&quot;}\" data-widget_type=\"heading.default\">\n\t\t\t\t<div class=\"elementor-widget-container\">\n\t\t\t<h1 class=\"elementor-heading-title elementor-size-xl\">Hittite Sun Disk<\/h1>\t\t<\/div>\n\t\t\t\t<\/div>\n\t\t\t\t<div class=\"elementor-element elementor-element-65c6089 elementor-widget elementor-widget-text-editor\" data-id=\"65c6089\" data-element_type=\"widget\" data-settings=\"{&quot;aos_animation_name&quot;:&quot;none&quot;}\" data-widget_type=\"text-editor.default\">\n\t\t\t\t<div class=\"elementor-widget-container\">\n\t\t\t\t\t\t\t<p>2011<br \/>27\/25\/10 cm<br \/>Bronze<br \/>50 peaces for Eti\u2019s 50th anniversary.<\/p>\t\t\t\t\t\t<\/div>\n\t\t\t\t<\/div>\n\t\t\t\t\t<\/div>\n\t\t<\/div>\n\t\t\t\t<div class=\"elementor-column elementor-col-66 elementor-top-column elementor-element elementor-element-b5bae2d\" data-id=\"b5bae2d\" data-element_type=\"column\">\n\t\t\t<div class=\"elementor-widget-wrap elementor-element-populated\">\n\t\t\t\t\t\t\t\t<div class=\"elementor-element elementor-element-473e00a elementor-widget elementor-widget-image\" data-id=\"473e00a\" data-element_type=\"widget\" data-settings=\"{&quot;aos_animation_name&quot;:&quot;none&quot;}\" data-widget_type=\"image.default\">\n\t\t\t\t<div class=\"elementor-widget-container\">\n\t\t\t\t\t\t\t\t\t\t\t\t\t\t\t\t<a href=\"http:\/\/sebnemkeceli.com\/wp-content\/uploads\/2021\/10\/ETI.png\" data-elementor-open-lightbox=\"yes\" data-elementor-lightbox-title=\"ET\u0130\">\n\t\t\t\t\t\t\t<img src=\"http:\/\/sebnemkeceli.com\/wp-content\/uploads\/elementor\/thumbs\/ETI-pf8gikdy55kcfwh7v770y4ii592k4h6xbxcpxxsgaw.png\" title=\"ET\u0130\" alt=\"ET\u0130\" \/>\t\t\t\t\t\t\t\t<\/a>\n\t\t\t\t\t\t\t\t\t\t\t\t\t\t\t<\/div>\n\t\t\t\t<\/div>\n\t\t\t\t\t<\/div>\n\t\t<\/div>\n\t\t\t\t\t\t\t<\/div>\n\t\t<\/section>\n\t\t\t\t<section class=\"elementor-section elementor-top-section elementor-element elementor-element-611b3a9 elementor-hidden-desktop elementor-hidden-tablet elementor-hidden-mobile elementor-section-boxed elementor-section-height-default elementor-section-height-default\" data-id=\"611b3a9\" data-element_type=\"section\">\n\t\t\t\t\t\t<div class=\"elementor-container elementor-column-gap-default\">\n\t\t\t\t\t<div class=\"elementor-column elementor-col-33 elementor-top-column elementor-element elementor-element-f24d9f1\" data-id=\"f24d9f1\" data-element_type=\"column\">\n\t\t\t<div class=\"elementor-widget-wrap elementor-element-populated\">\n\t\t\t\t\t\t\t\t<div class=\"elementor-element elementor-element-e857c6f elementor-widget elementor-widget-heading\" data-id=\"e857c6f\" data-element_type=\"widget\" data-settings=\"{&quot;aos_animation_name&quot;:&quot;none&quot;}\" data-widget_type=\"heading.default\">\n\t\t\t\t<div class=\"elementor-widget-container\">\n\t\t\t<h1 class=\"elementor-heading-title elementor-size-xl\">bee goddess<\/h1>\t\t<\/div>\n\t\t\t\t<\/div>\n\t\t\t\t\t<\/div>\n\t\t<\/div>\n\t\t\t\t<div class=\"elementor-column elementor-col-66 elementor-top-column elementor-element elementor-element-5cf14e8\" data-id=\"5cf14e8\" data-element_type=\"column\">\n\t\t\t<div class=\"elementor-widget-wrap elementor-element-populated\">\n\t\t\t\t\t\t\t\t<div class=\"elementor-element elementor-element-fd59fca elementor-widget elementor-widget-image\" data-id=\"fd59fca\" data-element_type=\"widget\" data-settings=\"{&quot;aos_animation_name&quot;:&quot;none&quot;}\" data-widget_type=\"image.default\">\n\t\t\t\t<div class=\"elementor-widget-container\">\n\t\t\t\t\t\t\t\t\t\t\t\t\t\t\t\t<a href=\"http:\/\/sebnemkeceli.com\/wp-content\/uploads\/2023\/03\/bee-goddess.jpg\" data-elementor-open-lightbox=\"yes\" data-elementor-lightbox-title=\"bee-goddess\">\n\t\t\t\t\t\t\t<img src=\"http:\/\/sebnemkeceli.com\/wp-content\/uploads\/elementor\/thumbs\/bee-goddess-q34gpejslzjhpdykcuibt2dq5izt1ua2pkxtv6fh54.jpg\" title=\"bee-goddess\" alt=\"bee-goddess\" \/>\t\t\t\t\t\t\t\t<\/a>\n\t\t\t\t\t\t\t\t\t\t\t\t\t\t\t<\/div>\n\t\t\t\t<\/div>\n\t\t\t\t\t<\/div>\n\t\t<\/div>\n\t\t\t\t\t\t\t<\/div>\n\t\t<\/section>\n\t\t\t\t\t\t<\/div>\n\t\t\t\t\t<\/div>","protected":false},"excerpt":{"rendered":"<p>par\u00e7al\u0131 kad\u0131n \u0131\u0131 2019184\/45\/45 cmAl\u00fcminyum\u00d6zel Koleksiyon Genom 20175 mtPolyesterSeba Ofis Boulevard \u00d6nceki Sonraki \u00d6zdemir Altan &#038; \u015eebnem Ke\u00e7eli 201491-45-41 cmPolyester \u00dczeri Akrilik BoyaOrtak \u00dcretim \u00c7al\u0131\u015fmas\u0131 \u00d6nceki Sonraki hitit g\u00fcne\u015fi 201127\/25\/10 cmBronzEti&#8217;nin 50.y\u0131l\u0131 i\u00e7in 50 adet \u00fcretildi. bee goddess<\/p>","protected":false},"author":1,"featured_media":0,"parent":0,"menu_order":0,"comment_status":"closed","ping_status":"closed","template":"","meta":[],"_links":{"self":[{"href":"http:\/\/sebnemkeceli.com\/en\/wp-json\/wp\/v2\/pages\/4954"}],"collection":[{"href":"http:\/\/sebnemkeceli.com\/en\/wp-json\/wp\/v2\/pages"}],"about":[{"href":"http:\/\/sebnemkeceli.com\/en\/wp-json\/wp\/v2\/types\/page"}],"author":[{"embeddable":true,"href":"http:\/\/sebnemkeceli.com\/en\/wp-json\/wp\/v2\/users\/1"}],"replies":[{"embeddable":true,"href":"http:\/\/sebnemkeceli.com\/en\/wp-json\/wp\/v2\/comments?post=4954"}],"version-history":[{"count":104,"href":"http:\/\/sebnemkeceli.com\/en\/wp-json\/wp\/v2\/pages\/4954\/revisions"}],"predecessor-version":[{"id":6459,"href":"http:\/\/sebnemkeceli.com\/en\/wp-json\/wp\/v2\/pages\/4954\/revisions\/6459"}],"wp:attachment":[{"href":"http:\/\/sebnemkeceli.com\/en\/wp-json\/wp\/v2\/media?parent=4954"}],"curies":[{"name":"wp","href":"https:\/\/api.w.org\/{rel}","templated":true}]}}