{"id":4559,"date":"2018-05-21T17:20:04","date_gmt":"2018-05-21T17:20:04","guid":{"rendered":"http:\/\/wp.vlthemes.com\/folim\/?page_id=1040"},"modified":"2021-11-13T00:34:28","modified_gmt":"2021-11-13T00:34:28","slug":"iletisim-2","status":"publish","type":"page","link":"http:\/\/sebnemkeceli.com\/en\/iletisim-2\/","title":{"rendered":"CONTACT"},"content":{"rendered":"<div data-elementor-type=\"wp-page\" data-elementor-id=\"4559\" class=\"elementor elementor-4559\" data-elementor-settings=\"[]\">\n\t\t\t\t\t\t\t<div class=\"elementor-section-wrap\">\n\t\t\t\t\t\t\t<section class=\"elementor-section elementor-top-section elementor-element elementor-element-f748b4a elementor-section-full_width elementor-section-height-default elementor-section-height-default\" data-id=\"f748b4a\" data-element_type=\"section\">\n\t\t\t\t\t\t<div class=\"elementor-container elementor-column-gap-no\">\n\t\t\t\t\t<div class=\"elementor-column elementor-col-100 elementor-top-column elementor-element elementor-element-40f919e\" data-id=\"40f919e\" data-element_type=\"column\">\n\t\t\t<div class=\"elementor-widget-wrap elementor-element-populated\">\n\t\t\t\t\t\t\t\t<div class=\"elementor-element elementor-element-f0ff328 elementor-widget elementor-widget-vlt-page-title\" data-id=\"f0ff328\" data-element_type=\"widget\" data-settings=\"{&quot;aos_animation_name&quot;:&quot;none&quot;}\" data-widget_type=\"vlt-page-title.default\">\n\t\t\t\t<div class=\"elementor-widget-container\">\n\t\t\t\r\n\t\t<div class=\"vlt-page-title\">\r\n\r\n\t\t\t<div class=\"container\">\r\n\r\n\t\t\t\t<h1 class=\"vlt-page-title__heading\">\u015eebnem Ke\u00e7eli<\/h1><nav class=\"vlt-page-title__breadcrumbs\"><span><a href=\"http:\/\/sebnemkeceli.com\/en\/\" ><span>Home<\/span><\/a><\/span> <span class=\"sep\"><i class=\"fa-regular fa-angles-right\"><\/i><\/span> <span class=\"current\">Pages<\/span><\/nav>\r\n\t\t\t<\/div>\r\n\r\n\t\t<\/div>\r\n\r\n\t\t<div id=\"f0ff328\"><\/div>\r\n\r\n\t\t\t\t<\/div>\n\t\t\t\t<\/div>\n\t\t\t\t\t<\/div>\n\t\t<\/div>\n\t\t\t\t\t\t\t<\/div>\n\t\t<\/section>\n\t\t\t\t<section class=\"elementor-section elementor-top-section elementor-element elementor-element-ac1361a elementor-section-boxed elementor-section-height-default elementor-section-height-default\" data-id=\"ac1361a\" data-element_type=\"section\">\n\t\t\t\t\t\t<div class=\"elementor-container elementor-column-gap-extended\">\n\t\t\t\t\t<div class=\"elementor-column elementor-col-100 elementor-top-column elementor-element elementor-element-5fc2dda\" data-id=\"5fc2dda\" data-element_type=\"column\">\n\t\t\t<div class=\"elementor-widget-wrap elementor-element-populated\">\n\t\t\t\t\t\t\t\t<div data-aos=\"custom\" data-aos-once=\"true\" class=\"elementor-element elementor-element-668c45c elementor-widget elementor-widget-vlt-section-title\" data-id=\"668c45c\" data-element_type=\"widget\" data-settings=\"{&quot;aos_animation_name&quot;:&quot;custom&quot;}\" data-widget_type=\"vlt-section-title.default\">\n\t\t\t\t<div class=\"elementor-widget-container\">\n\t\t\t\n\t\t<div class=\"vlt-section-title\">\n\n\t\t\t\n\t\t\t\t<h2 class=\"vlt-section-title__heading\">\n\n\t\t\t\t\tCONTACT\n\t\t\t\t<\/h2>\n\n\t\t\t\n\t\t\t\n\t\t<\/div>\n\n\t\t\t<\/div>\n\t\t\t\t<\/div>\n\t\t\t\t\t<\/div>\n\t\t<\/div>\n\t\t\t\t\t\t\t<\/div>\n\t\t<\/section>\n\t\t\t\t<section class=\"elementor-section elementor-top-section elementor-element elementor-element-0f5ad3c elementor-section-boxed elementor-section-height-default elementor-section-height-default\" data-id=\"0f5ad3c\" data-element_type=\"section\">\n\t\t\t\t\t\t<div class=\"elementor-container elementor-column-gap-extended\">\n\t\t\t\t\t<div class=\"elementor-column elementor-col-50 elementor-top-column elementor-element elementor-element-5d3b8c4\" data-id=\"5d3b8c4\" data-element_type=\"column\">\n\t\t\t<div class=\"elementor-widget-wrap elementor-element-populated\">\n\t\t\t\t\t\t\t\t<div class=\"elementor-element elementor-element-2773221 elementor-widget elementor-widget-google_maps\" data-id=\"2773221\" data-element_type=\"widget\" data-settings=\"{&quot;aos_animation_name&quot;:&quot;none&quot;}\" data-widget_type=\"google_maps.default\">\n\t\t\t\t<div class=\"elementor-widget-container\">\n\t\t\t\t\t<div class=\"elementor-custom-embed\">\n\t\t\t<iframe frameborder=\"0\" scrolling=\"no\" marginheight=\"0\" marginwidth=\"0\"\n\t\t\t\t\tsrc=\"https:\/\/maps.google.com\/maps?q=G%C3%BClibri%C5%9Fim%20Sk.%2C%20Ferahevler%2C%2034457%20Sar%C4%B1yer%2F%C4%B0stanbul&#038;t=m&#038;z=18&#038;output=embed&#038;iwloc=near\"\n\t\t\t\t\ttitle=\"G\u00fclibri\u015fim St., Ferahevler, 34457 Sar\u0131yer\/\u0130stanbul\"\n\t\t\t\t\taria-label=\"G\u00fclibri\u015fim St., Ferahevler, 34457 Sar\u0131yer\/\u0130stanbul\"\n\t\t\t><\/iframe>\n\t\t<\/div>\n\t\t\t\t<\/div>\n\t\t\t\t<\/div>\n\t\t\t\t\t<\/div>\n\t\t<\/div>\n\t\t\t\t<div class=\"elementor-column elementor-col-25 elementor-top-column elementor-element elementor-element-ecf0b6d\" data-id=\"ecf0b6d\" data-element_type=\"column\">\n\t\t\t<div class=\"elementor-widget-wrap\">\n\t\t\t\t\t\t\t\t\t<\/div>\n\t\t<\/div>\n\t\t\t\t<div class=\"elementor-column elementor-col-25 elementor-top-column elementor-element elementor-element-22e176e\" data-id=\"22e176e\" data-element_type=\"column\">\n\t\t\t<div class=\"elementor-widget-wrap elementor-element-populated\">\n\t\t\t\t\t\t\t\t<div data-aos=\"custom\" data-aos-delay=\"100\" data-aos-once=\"true\" class=\"elementor-element elementor-element-f8e8971 elementor-widget elementor-widget-vlt-contact-box\" data-id=\"f8e8971\" data-element_type=\"widget\" data-settings=\"{&quot;aos_animation_name&quot;:&quot;custom&quot;}\" data-widget_type=\"vlt-contact-box.default\">\n\t\t\t\t<div class=\"elementor-widget-container\">\n\t\t\t\r\n\t\t<div class=\"vlt-contact-box\">\r\n\r\n\t\t\t<div class=\"vlt-contact-box__icon\">\r\n\r\n\t\t\t\t<i class=\"icofont icofont-phone\"><\/i>\r\n\t\t\t<\/div>\r\n\r\n\t\t\t<div class=\"vlt-contact-box__content\">\r\n\r\n\t\t\t\t\r\n\t\t\t\t\t<h4 class=\"vlt-contact-box__title\">\r\n\r\n\t\t\t\t\t\tPhone\r\n\t\t\t\t\t<\/h4>\r\n\r\n\t\t\t\t\r\n\t\t\t\t\r\n\t\t\t\t\t<p class=\"vlt-contact-box__text\">\r\n\r\n\t\t\t\t\t\t\r\n\t\t\t\t\t\t\t<a href=\"tel:+905322141142\">\r\n\r\n\t\t\t\t\t\t\r\n\t\t\t\t\t\t0532 214 11 42\r\n\t\t\t\t\t\t\r\n\t\t\t\t\t\t\t<\/a>\r\n\r\n\t\t\t\t\t\t\r\n\t\t\t\t\t<\/p>\r\n\r\n\t\t\t\t\r\n\t\t\t<\/div>\r\n\r\n\t\t<\/div>\r\n\r\n\t\t\t\t<\/div>\n\t\t\t\t<\/div>\n\t\t\t\t<div class=\"elementor-element elementor-element-7f6c7a0 elementor-widget elementor-widget-spacer\" data-id=\"7f6c7a0\" data-element_type=\"widget\" data-settings=\"{&quot;aos_animation_name&quot;:&quot;none&quot;}\" data-widget_type=\"spacer.default\">\n\t\t\t\t<div class=\"elementor-widget-container\">\n\t\t\t\t\t<div class=\"elementor-spacer\">\n\t\t\t<div class=\"elementor-spacer-inner\"><\/div>\n\t\t<\/div>\n\t\t\t\t<\/div>\n\t\t\t\t<\/div>\n\t\t\t\t<div data-aos=\"custom\" data-aos-delay=\"200\" data-aos-once=\"true\" class=\"elementor-element elementor-element-b4efeaf elementor-widget elementor-widget-vlt-contact-box\" data-id=\"b4efeaf\" data-element_type=\"widget\" data-settings=\"{&quot;aos_animation_name&quot;:&quot;custom&quot;}\" data-widget_type=\"vlt-contact-box.default\">\n\t\t\t\t<div class=\"elementor-widget-container\">\n\t\t\t\r\n\t\t<div class=\"vlt-contact-box\">\r\n\r\n\t\t\t<div class=\"vlt-contact-box__icon\">\r\n\r\n\t\t\t\t<i class=\"icofont icofont-email\"><\/i>\r\n\t\t\t<\/div>\r\n\r\n\t\t\t<div class=\"vlt-contact-box__content\">\r\n\r\n\t\t\t\t\r\n\t\t\t\t\t<h5 class=\"vlt-contact-box__title\">\r\n\r\n\t\t\t\t\t\tE-mail:\r\n\t\t\t\t\t<\/h5>\r\n\r\n\t\t\t\t\r\n\t\t\t\t\r\n\t\t\t\t\t<p class=\"vlt-contact-box__text\">\r\n\r\n\t\t\t\t\t\t\r\n\t\t\t\t\t\t\t<a href=\"mailto:kecelis@gmail.com\">\r\n\r\n\t\t\t\t\t\t\r\n\t\t\t\t\t\tkecelis@gmail.com\r\n\t\t\t\t\t\t\r\n\t\t\t\t\t\t\t<\/a>\r\n\r\n\t\t\t\t\t\t\r\n\t\t\t\t\t<\/p>\r\n\r\n\t\t\t\t\r\n\t\t\t<\/div>\r\n\r\n\t\t<\/div>\r\n\r\n\t\t\t\t<\/div>\n\t\t\t\t<\/div>\n\t\t\t\t<div class=\"elementor-element elementor-element-bdc747c elementor-widget elementor-widget-spacer\" data-id=\"bdc747c\" data-element_type=\"widget\" data-settings=\"{&quot;aos_animation_name&quot;:&quot;none&quot;}\" data-widget_type=\"spacer.default\">\n\t\t\t\t<div class=\"elementor-widget-container\">\n\t\t\t\t\t<div class=\"elementor-spacer\">\n\t\t\t<div class=\"elementor-spacer-inner\"><\/div>\n\t\t<\/div>\n\t\t\t\t<\/div>\n\t\t\t\t<\/div>\n\t\t\t\t<div data-aos=\"custom\" data-aos-delay=\"300\" data-aos-once=\"true\" class=\"elementor-element elementor-element-20f61f6 elementor-widget elementor-widget-vlt-contact-box\" data-id=\"20f61f6\" data-element_type=\"widget\" data-settings=\"{&quot;aos_animation_name&quot;:&quot;custom&quot;}\" data-widget_type=\"vlt-contact-box.default\">\n\t\t\t\t<div class=\"elementor-widget-container\">\n\t\t\t\r\n\t\t<div class=\"vlt-contact-box\">\r\n\r\n\t\t\t<div class=\"vlt-contact-box__icon\">\r\n\r\n\t\t\t\t<i class=\"icofont icofont-location-pin\"><\/i>\r\n\t\t\t<\/div>\r\n\r\n\t\t\t<div class=\"vlt-contact-box__content\">\r\n\r\n\t\t\t\t\r\n\t\t\t\t\t<h5 class=\"vlt-contact-box__title\">\r\n\r\n\t\t\t\t\t\tAddress:\r\n\t\t\t\t\t<\/h5>\r\n\r\n\t\t\t\t\r\n\t\t\t\t\r\n\t\t\t\t\t<p class=\"vlt-contact-box__text\">\r\n\r\n\t\t\t\t\t\t\r\n\t\t\t\t\t\tG\u00fclibri\u015fim \u00c7\u0131kmaz\u0131\n\u00c7elik St. No: 2\nFerahevler, Tarabya\n(Next to the Classic Car Museum)\r\n\t\t\t\t\t\t\r\n\t\t\t\t\t<\/p>\r\n\r\n\t\t\t\t\r\n\t\t\t<\/div>\r\n\r\n\t\t<\/div>\r\n\r\n\t\t\t\t<\/div>\n\t\t\t\t<\/div>\n\t\t\t\t<div class=\"elementor-element elementor-element-3eba978 elementor-widget elementor-widget-vlt-social-icons\" data-id=\"3eba978\" data-element_type=\"widget\" data-settings=\"{&quot;aos_animation_name&quot;:&quot;none&quot;}\" data-widget_type=\"vlt-social-icons.default\">\n\t\t\t\t<div class=\"elementor-widget-container\">\n\t\t\t<a class=\"vlt-social-icon vlt-social-icon--style-1\" href=\"https:\/\/www.instagram.com\/sebnemkeceliart\/\"><i class=\"socicon-fw socicon-instagram\"><\/i><\/a><a class=\"vlt-social-icon vlt-social-icon--style-1\" href=\"https:\/\/tr.linkedin.com\/in\/%C5%9Febnem-ke%C3%A7eli-b9190228\"><i class=\"socicon-fw socicon-linkedin\"><\/i><\/a>\t\t<\/div>\n\t\t\t\t<\/div>\n\t\t\t\t\t<\/div>\n\t\t<\/div>\n\t\t\t\t\t\t\t<\/div>\n\t\t<\/section>\n\t\t\t\t\t\t<\/div>\n\t\t\t\t\t<\/div>","protected":false},"excerpt":{"rendered":"<p>\u015eebnem Ke\u00e7eli Home Sayfalar \u0130leti\u015fim Telefon: 0532 214 11 42 E-mail: kecelis@gmail.com Adres: G\u00fclibri\u015fim \u00c7\u0131kmaz\u0131 \u00c7elik Sok. No: 2 Ferahevler, Tarabya (Klasik Otomobil M\u00fczesi Yan\u0131)<\/p>","protected":false},"author":1,"featured_media":0,"parent":0,"menu_order":30,"comment_status":"closed","ping_status":"closed","template":"template-custom-page.php","meta":[],"_links":{"self":[{"href":"http:\/\/sebnemkeceli.com\/en\/wp-json\/wp\/v2\/pages\/4559"}],"collection":[{"href":"http:\/\/sebnemkeceli.com\/en\/wp-json\/wp\/v2\/pages"}],"about":[{"href":"http:\/\/sebnemkeceli.com\/en\/wp-json\/wp\/v2\/types\/page"}],"author":[{"embeddable":true,"href":"http:\/\/sebnemkeceli.com\/en\/wp-json\/wp\/v2\/users\/1"}],"replies":[{"embeddable":true,"href":"http:\/\/sebnemkeceli.com\/en\/wp-json\/wp\/v2\/comments?post=4559"}],"version-history":[{"count":28,"href":"http:\/\/sebnemkeceli.com\/en\/wp-json\/wp\/v2\/pages\/4559\/revisions"}],"predecessor-version":[{"id":6231,"href":"http:\/\/sebnemkeceli.com\/en\/wp-json\/wp\/v2\/pages\/4559\/revisions\/6231"}],"wp:attachment":[{"href":"http:\/\/sebnemkeceli.com\/en\/wp-json\/wp\/v2\/media?parent=4559"}],"curies":[{"name":"wp","href":"https:\/\/api.w.org\/{rel}","templated":true}]}}